{"id":6233,"date":"2020-02-12T21:01:44","date_gmt":"2020-02-12T21:01:44","guid":{"rendered":"http:\/\/travelandreams.net\/?page_id=6233"},"modified":"2021-01-20T19:56:05","modified_gmt":"2021-01-20T19:56:05","slug":"catalunya-racons-magics","status":"publish","type":"page","link":"https:\/\/travelandreams.net\/es\/catalunya-racons-magics\/","title":{"rendered":"Catalunya: Rincones M\u00e0gicos"},"content":{"rendered":"<div class=\"one withsmallpadding \" >\n<div class=\"page_content_wrapper\">\n<p>AQUESTA P\u00c0GINA EST\u00c0 EN CONSTRUCCI\u00d3<\/p>\n<\/div>\n<\/div>\n<div class=\"divider one\">&nbsp;<\/div>\n<div class=\"one ppb_gallery withpadding \" \">\n<div class=\"page_content_wrapper full_width\" style=\"text-align:center\">\n<h2 class=\"ppb_title\">Recull fotogr\u00e0fic<\/h2>\n<div class=\"three_cols fullwidth portfolio_filter_wrapper gallery section content clearfix\">\n<div class=\"element portfolio3filter_wrapper\">\n<div class=\"one_third gallery3 filterable gallery_type animated1 \"><a title=\"El Claustre de Palera\" class=\"fancy-gallery\" href=\"http:\/\/travelandreams.net\/wp-content\/uploads\/2020\/02\/DSC5666-td-e1611172196977.jpg\"><img decoding=\"async\" src=\"http:\/\/travelandreams.net\/wp-content\/uploads\/2020\/02\/DSC5666-td-560x427.jpg\" alt=\"\" class=\"\"\/><\/p>\n<div class=\"thumb_content\">\n<h3>El Claustre de Palera<\/h3>\n<\/p><\/div>\n<p>\t\t\t    \t\t<\/a><\/div>\n<\/div>\n<div class=\"element portfolio3filter_wrapper\">\n<div class=\"one_third gallery3 filterable gallery_type animated2 \"><a title=\"\" class=\"fancy-gallery\" href=\"http:\/\/travelandreams.net\/wp-content\/uploads\/2020\/02\/DSC5154-td-e1587383227821.jpg\"><img decoding=\"async\" src=\"http:\/\/travelandreams.net\/wp-content\/uploads\/2020\/02\/DSC5154-td-560x427.jpg\" alt=\"\" class=\"\"\/><\/a><\/div>\n<\/div>\n<div class=\"element portfolio3filter_wrapper\">\n<div class=\"one_third gallery3 filterable gallery_type animated3 \"><a title=\"\" class=\"fancy-gallery\" href=\"http:\/\/travelandreams.net\/wp-content\/uploads\/2020\/02\/tamarit-19ago19-12-td-e1581706781648.jpg\"><img decoding=\"async\" src=\"http:\/\/travelandreams.net\/wp-content\/uploads\/2020\/02\/tamarit-19ago19-12-td-560x460.jpg\" alt=\"\" class=\"\"\/><\/a><\/div>\n<\/div>\n<div class=\"element portfolio3filter_wrapper\">\n<div class=\"one_third gallery3 filterable gallery_type animated4 last\"><a title=\"\" class=\"fancy-gallery\" href=\"http:\/\/travelandreams.net\/wp-content\/uploads\/2020\/02\/pallarssobira1-11-td-e1581706005200.jpg\"><img decoding=\"async\" src=\"http:\/\/travelandreams.net\/wp-content\/uploads\/2020\/02\/pallarssobira1-11-td-e1581706005200-560x212.jpg\" alt=\"\" class=\"\"\/><\/a><\/div>\n<\/div>\n<div class=\"element portfolio3filter_wrapper\">\n<div class=\"one_third gallery3 filterable gallery_type animated5 \"><a title=\"\" class=\"fancy-gallery\" href=\"http:\/\/travelandreams.net\/wp-content\/uploads\/2020\/02\/roses-108-td-e1581703357252.jpg\"><img decoding=\"async\" src=\"http:\/\/travelandreams.net\/wp-content\/uploads\/2020\/02\/roses-108-td-e1581703357252-560x204.jpg\" alt=\"\" class=\"\"\/><\/a><\/div>\n<\/div>\n<div class=\"element portfolio3filter_wrapper\">\n<div class=\"one_third gallery3 filterable gallery_type animated6 \"><a title=\"\" class=\"fancy-gallery\" href=\"http:\/\/travelandreams.net\/wp-content\/uploads\/2020\/02\/roses-131-td.jpg\"><img decoding=\"async\" src=\"http:\/\/travelandreams.net\/wp-content\/uploads\/2020\/02\/roses-131-td-560x427.jpg\" alt=\"\" class=\"\"\/><\/a><\/div>\n<\/div>\n<div class=\"element portfolio3filter_wrapper\">\n<div class=\"one_third gallery3 filterable gallery_type animated7 \"><a title=\"\" class=\"fancy-gallery\" href=\"http:\/\/travelandreams.net\/wp-content\/uploads\/2020\/02\/alturgell-3jun19-34-td-e1581705238142.jpg\"><img decoding=\"async\" src=\"http:\/\/travelandreams.net\/wp-content\/uploads\/2020\/02\/alturgell-3jun19-34-td-360x460.jpg\" alt=\"\" class=\"\"\/><\/a><\/div>\n<\/div>\n<div class=\"element portfolio3filter_wrapper\">\n<div class=\"one_third gallery3 filterable gallery_type animated8 last\"><a title=\"\" class=\"fancy-gallery\" href=\"http:\/\/travelandreams.net\/wp-content\/uploads\/2020\/02\/DSC5816-td.jpg\"><img decoding=\"async\" src=\"http:\/\/travelandreams.net\/wp-content\/uploads\/2020\/02\/DSC5816-td-560x427.jpg\" alt=\"\" class=\"\"\/><\/a><\/div>\n<\/div>\n<div class=\"element portfolio3filter_wrapper\">\n<div class=\"one_third gallery3 filterable gallery_type animated9 \"><a title=\"\" class=\"fancy-gallery\" href=\"http:\/\/travelandreams.net\/wp-content\/uploads\/2020\/02\/lamussara-39-td.jpg\"><img decoding=\"async\" src=\"http:\/\/travelandreams.net\/wp-content\/uploads\/2020\/02\/lamussara-39-td-560x427.jpg\" alt=\"\" class=\"\"\/><\/a><\/div>\n<\/div>\n<div class=\"element portfolio3filter_wrapper\">\n<div class=\"one_third gallery3 filterable gallery_type animated10 \"><a title=\"\" class=\"fancy-gallery\" href=\"http:\/\/travelandreams.net\/wp-content\/uploads\/2020\/02\/lamussara-8-td.jpg\"><img decoding=\"async\" src=\"http:\/\/travelandreams.net\/wp-content\/uploads\/2020\/02\/lamussara-8-td-560x427.jpg\" alt=\"\" class=\"\"\/><\/a><\/div>\n<\/div>\n<\/div>\n<\/div>\n<\/div>\n","protected":false},"excerpt":{"rendered":"<p>AQUESTA P\u00c0GINA EST\u00c0 EN CONSTRUCCI\u00d3 &nbsp;<\/p>\n","protected":false},"author":4,"featured_media":6404,"parent":0,"menu_order":0,"comment_status":"closed","ping_status":"closed","template":"","meta":{"footnotes":""},"class_list":["post-6233","page","type-page","status-publish","has-post-thumbnail","hentry"],"_links":{"self":[{"href":"https:\/\/travelandreams.net\/es\/wp-json\/wp\/v2\/pages\/6233","targetHints":{"allow":["GET"]}}],"collection":[{"href":"https:\/\/travelandreams.net\/es\/wp-json\/wp\/v2\/pages"}],"about":[{"href":"https:\/\/travelandreams.net\/es\/wp-json\/wp\/v2\/types\/page"}],"author":[{"embeddable":true,"href":"https:\/\/travelandreams.net\/es\/wp-json\/wp\/v2\/users\/4"}],"replies":[{"embeddable":true,"href":"https:\/\/travelandreams.net\/es\/wp-json\/wp\/v2\/comments?post=6233"}],"version-history":[{"count":199,"href":"https:\/\/travelandreams.net\/es\/wp-json\/wp\/v2\/pages\/6233\/revisions"}],"predecessor-version":[{"id":6852,"href":"https:\/\/travelandreams.net\/es\/wp-json\/wp\/v2\/pages\/6233\/revisions\/6852"}],"wp:featuredmedia":[{"embeddable":true,"href":"https:\/\/travelandreams.net\/es\/wp-json\/wp\/v2\/media\/6404"}],"wp:attachment":[{"href":"https:\/\/travelandreams.net\/es\/wp-json\/wp\/v2\/media?parent=6233"}],"curies":[{"name":"wp","href":"https:\/\/api.w.org\/{rel}","templated":true}]}}